{"id":28,"date":"2017-09-15T16:26:33","date_gmt":"2017-09-15T16:26:33","guid":{"rendered":"http:\/\/yogaamweinberg.de\/?page_id=28"},"modified":"2018-05-07T14:48:40","modified_gmt":"2018-05-07T14:48:40","slug":"wie-wir-arbeiten","status":"publish","type":"page","link":"https:\/\/yogaamweinberg.de\/?page_id=28","title":{"rendered":"Wie ich arbeite"},"content":{"rendered":"<p>Mein Anliegen ist es, mit der Yoga-\u00dcbungspraxis gesundheitsf\u00f6rderliche Inspiration zu bieten, die der \u00dcbende aufgreifen und in der eigenen \u00dcbungspraxis umzusetzen, aber auch auf das t\u00e4gliche Leben \u00fcbertragen kann.<\/p>\n<p>Bereits der erste Eindruck zeigt uns wie es dem Menschen geht. Beispielsweise ist er gedr\u00fcckt, ist sein Gang schleppend? Oder geht er aufgerichtet, freudig, an seiner Umwelt lebendig teilnehmend durch den Tag?<br \/>\nKann der Mensch dem Leben motiviert und mit Freude, so richtet er sich ganz nat\u00fcrlich auf.<br \/>\nWie ich mit Yoga dabei unterst\u00fctzen kann:<br \/>\nBei den Yoga Asanas geht es nicht um Perfektion sondern um K\u00f6rperempfinden und Konzentration und auch Spa\u00df!<br \/>\nDurch konkrete fachliche Anleitung m\u00f6chte ich dem Teilnehmer zeigen, wie er sich k\u00f6rperphysiologisch g\u00fcnstig bewegen kann um eine Leichtigkeit in seinen Bewegungen hineinzulegen. Sanft werden sich seine Bewegungsm\u00f6glichkeiten erweitern und die Bewegungen geschmeidiger werden. Er lernt neue Empfindungen kennen, ein positives K\u00f6rper- und Lebensgef\u00fchl entsteht durch die beginnende erste Asanapraxis.<\/p>\n<p><img loading=\"lazy\" decoding=\"async\" class=\"size-medium wp-image-196\" src=\"http:\/\/yogaamweinberg.de\/wp-content\/uploads\/2017\/09\/IMG_7874-300x225.jpg\" alt=\"Om\" width=\"300\" height=\"225\" srcset=\"https:\/\/yogaamweinberg.de\/wp-content\/uploads\/2017\/09\/IMG_7874-300x225.jpg 300w, https:\/\/yogaamweinberg.de\/wp-content\/uploads\/2017\/09\/IMG_7874-768x576.jpg 768w, https:\/\/yogaamweinberg.de\/wp-content\/uploads\/2017\/09\/IMG_7874-1024x768.jpg 1024w\" sizes=\"auto, (max-width: 300px) 100vw, 300px\" \/><\/p>\n<p><strong>Yogastil<\/strong><br \/>\nW\u00e4hrend der Ausbildung zum Yogalehrer-\/therapeut\/in an der Yoga Akademie Freiburg wurde viel Wert auf eine zeitgem\u00e4\u00dfe Herangehensweise gelegt, in dem altes Wissen aus verschiedenen Traditionen und Philosophien mit dem Leben des Menschen von heute in verst\u00e4ndlicher, undogmatischer und nat\u00fcrlicher Weise verbindet wurde. Die Ausbildung beschr\u00e4nkte sich nicht auf eine bestimmte Yoga-Richtung, sondern vermittelte umfassendes und fundiertes Grundlagenwissen \u00fcber den Yoga und seine verschiedenen Stile und Traditionen.<br \/>\nIn meinem Unterricht versuche ich Elemente aus verschiedenen Yoga-Stilen miteinander zu kombinieren und die Unterrichtsstunden abwechselnd zu gestalten.<\/p>\n<p>&nbsp;<\/p>\n<p><img loading=\"lazy\" decoding=\"async\" class=\"size-medium wp-image-205 alignleft\" src=\"http:\/\/yogaamweinberg.de\/wp-content\/uploads\/2017\/09\/Zimbeln-300x225.jpg\" alt=\"\" width=\"300\" height=\"225\" srcset=\"https:\/\/yogaamweinberg.de\/wp-content\/uploads\/2017\/09\/Zimbeln-300x225.jpg 300w, https:\/\/yogaamweinberg.de\/wp-content\/uploads\/2017\/09\/Zimbeln-768x576.jpg 768w, https:\/\/yogaamweinberg.de\/wp-content\/uploads\/2017\/09\/Zimbeln-1024x768.jpg 1024w\" sizes=\"auto, (max-width: 300px) 100vw, 300px\" \/><\/p>\n<p><strong>Musik<\/strong><br \/>\nDas Buch Nada Brahma &#8211; Die Welt ist Klang, von Joachim-Ernst Berendt 1983 ver\u00f6ffentlicht, handelt vom immensen Einflu\u00df von Klang und &#8222;Sound&#8220; auf unser Leben, Welt und Kosmos. Im Unterricht versuchen wir verschiedene Aspekte von Klang zu integrieren und Wirkungen zu erzielen.<\/p>\n<p><strong>Schmerztherapie<\/strong><br \/>\nDie Schmerztherapie mit Yoga schl\u00fcsselt die St\u00f6rfelder im K\u00f6rper auf und betrachtet mit einzelnen Asanas oder auch sogenannten Flows wie positiv auf diese einzuwirken geht um diese zu reduzieren. Auch Bachbl\u00fcten k\u00f6nnen hier als Komplement\u00e4r angeboten werden.<br \/>\nDer sonnige Yogaraum im Blockhaus mit Blick auf die Weinberge erm\u00f6glicht eine zus\u00e4tzliche Entspannung in einem au\u00dfergew\u00f6hnlichen Raumklima.<\/p>\n","protected":false},"excerpt":{"rendered":"<p>Mein Anliegen ist es, mit der Yoga-\u00dcbungspraxis gesundheitsf\u00f6rderliche Inspiration zu bieten, die der \u00dcbende aufgreifen und in der eigenen \u00dcbungspraxis umzusetzen, aber auch auf das t\u00e4gliche Leben \u00fcbertragen kann. Bereits der erste Eindruck zeigt uns wie es dem Menschen geht. Beispielsweise ist er gedr\u00fcckt, ist sein Gang schleppend? Oder geht er aufgerichtet, freudig, an seiner &hellip; <\/p>\n<p class=\"link-more\"><a href=\"https:\/\/yogaamweinberg.de\/?page_id=28\" class=\"more-link\"><span class=\"screen-reader-text\">\u201eWie ich arbeite\u201c<\/span> weiterlesen<\/a><\/p>\n","protected":false},"author":1,"featured_media":0,"parent":0,"menu_order":0,"comment_status":"closed","ping_status":"closed","template":"","meta":{"footnotes":""},"class_list":["post-28","page","type-page","status-publish","hentry"],"_links":{"self":[{"href":"https:\/\/yogaamweinberg.de\/index.php?rest_route=\/wp\/v2\/pages\/28","targetHints":{"allow":["GET"]}}],"collection":[{"href":"https:\/\/yogaamweinberg.de\/index.php?rest_route=\/wp\/v2\/pages"}],"about":[{"href":"https:\/\/yogaamweinberg.de\/index.php?rest_route=\/wp\/v2\/types\/page"}],"author":[{"embeddable":true,"href":"https:\/\/yogaamweinberg.de\/index.php?rest_route=\/wp\/v2\/users\/1"}],"replies":[{"embeddable":true,"href":"https:\/\/yogaamweinberg.de\/index.php?rest_route=%2Fwp%2Fv2%2Fcomments&post=28"}],"version-history":[{"count":17,"href":"https:\/\/yogaamweinberg.de\/index.php?rest_route=\/wp\/v2\/pages\/28\/revisions"}],"predecessor-version":[{"id":283,"href":"https:\/\/yogaamweinberg.de\/index.php?rest_route=\/wp\/v2\/pages\/28\/revisions\/283"}],"wp:attachment":[{"href":"https:\/\/yogaamweinberg.de\/index.php?rest_route=%2Fwp%2Fv2%2Fmedia&parent=28"}],"curies":[{"name":"wp","href":"https:\/\/api.w.org\/{rel}","templated":true}]}}