{"id":33,"date":"2017-09-16T06:50:55","date_gmt":"2017-09-16T06:50:55","guid":{"rendered":"http:\/\/yogaamweinberg.de\/?page_id=33"},"modified":"2018-05-07T14:39:30","modified_gmt":"2018-05-07T14:39:30","slug":"yoga-2","status":"publish","type":"page","link":"https:\/\/yogaamweinberg.de\/?page_id=33","title":{"rendered":"Yoga"},"content":{"rendered":"<p>Yoga wie wir es im Westen kennen, z\u00e4hlt eher zum neueren Yoga des\u00a0 Patanjali, dem Raja-Yoga.<\/p>\n<p>Er beschrieb den achtstufigen k\u00f6niglichen Pfad des Yoga\u00a0 in denen er neben den allgemeinen ethischen Werten (Yamas) und dem Umgang mit sich selbst (Niyamas) zum ersten Mal auch die Asanas, die K\u00f6rper\u00fcbungen des Yoga, sowie den Pranayamas (Atem\u00fcbungen) geht.<\/p>\n<p>Die Asanas dienten in dieser Zeit zur Vorbereitung auf die Meditation. Sie wurden zur physischen und psychischen Reinigung eingesetzt, so dass der Mensch zur \u00a0Meditation und darauf basierend \u00a0ins \u201esamadhi\u201c in die kosmische Heimat eingehen konnte.<\/p>\n<p>Der Mensch der sich im Alltag mehr und mehr mit seiner K\u00f6rperlichkeit identifizierte, umso mehr w\u00fcnschte er sich \u00dcbungen, die ihn daraus befreien konnten.<br \/>\nHeute ist das Ziel den Yoga\u00fcbungen\u00a0 haupts\u00e4chlich Gesundheit und Entspannung zu finden und damit ein besseres Wohlbefinden im K\u00f6rper entwickeln. Den K\u00f6rper ersp\u00fcren und dar\u00fcber seine Mitte wiederfinden, oder\u00a0 man k\u00f6nnte auch sagen: Im alten Yoga waren die \u00dcbungen auf eine kosmische Mitte zentriert, im modernen Yoga sind die \u00dcbungen tendenziell auf eine k\u00f6rperliche Mitte ausgerichtet.<\/p>\n<p>Der Mensch bleibt in der Welt und doch entwickelt er ein achtsameres\u00a0 Bewusstsein, er entwickelt seine geistige Ideale\u00a0 und festigt sie durch seine \u00dcbungspraxis. Der \u00dcbende entwickelt eine innere Stabilit\u00e4t, Ausgeglichenheit, Spontaneit\u00e4t und Flexibilit\u00e4t.<br \/>\nEr tr\u00e4gt sie dar\u00fcber hinaus in seinen Alltag, in die Arbeit, in die Familie und in das ganze soziale Leben umsetzt. Er entwickelt seine Selbsterkenntnis, seinen Wert in der Welt und f\u00fcr sie.<\/p>\n<p>&nbsp;<\/p>\n","protected":false},"excerpt":{"rendered":"<p>Yoga wie wir es im Westen kennen, z\u00e4hlt eher zum neueren Yoga des\u00a0 Patanjali, dem Raja-Yoga. Er beschrieb den achtstufigen k\u00f6niglichen Pfad des Yoga\u00a0 in denen er neben den allgemeinen ethischen Werten (Yamas) und dem Umgang mit sich selbst (Niyamas) zum ersten Mal auch die Asanas, die K\u00f6rper\u00fcbungen des Yoga, sowie den Pranayamas (Atem\u00fcbungen) geht. &hellip; <\/p>\n<p class=\"link-more\"><a href=\"https:\/\/yogaamweinberg.de\/?page_id=33\" class=\"more-link\"><span class=\"screen-reader-text\">\u201eYoga\u201c<\/span> weiterlesen<\/a><\/p>\n","protected":false},"author":1,"featured_media":0,"parent":0,"menu_order":0,"comment_status":"closed","ping_status":"closed","template":"","meta":{"footnotes":""},"class_list":["post-33","page","type-page","status-publish","hentry"],"_links":{"self":[{"href":"https:\/\/yogaamweinberg.de\/index.php?rest_route=\/wp\/v2\/pages\/33","targetHints":{"allow":["GET"]}}],"collection":[{"href":"https:\/\/yogaamweinberg.de\/index.php?rest_route=\/wp\/v2\/pages"}],"about":[{"href":"https:\/\/yogaamweinberg.de\/index.php?rest_route=\/wp\/v2\/types\/page"}],"author":[{"embeddable":true,"href":"https:\/\/yogaamweinberg.de\/index.php?rest_route=\/wp\/v2\/users\/1"}],"replies":[{"embeddable":true,"href":"https:\/\/yogaamweinberg.de\/index.php?rest_route=%2Fwp%2Fv2%2Fcomments&post=33"}],"version-history":[{"count":2,"href":"https:\/\/yogaamweinberg.de\/index.php?rest_route=\/wp\/v2\/pages\/33\/revisions"}],"predecessor-version":[{"id":162,"href":"https:\/\/yogaamweinberg.de\/index.php?rest_route=\/wp\/v2\/pages\/33\/revisions\/162"}],"wp:attachment":[{"href":"https:\/\/yogaamweinberg.de\/index.php?rest_route=%2Fwp%2Fv2%2Fmedia&parent=33"}],"curies":[{"name":"wp","href":"https:\/\/api.w.org\/{rel}","templated":true}]}}